{"id":184,"date":"2021-09-06T08:39:35","date_gmt":"2021-09-06T08:39:35","guid":{"rendered":"https:\/\/mosaik-modern.de\/?page_id=184"},"modified":"2021-09-06T09:12:51","modified_gmt":"2021-09-06T09:12:51","slug":"datenschutz","status":"publish","type":"page","link":"https:\/\/mosaik-modern.de\/?page_id=184","title":{"rendered":"Datenschutz"},"content":{"rendered":"\n<p>S\u00e4mtliche auf dieser Website verwendeten Fotos unterliegen meiner Inhaber- und Urheberschaft und d\u00fcrfen nur mit ausdr\u00fccklicher Erlaubnis verwendet werden.<\/p>\n\n\n\n<p><\/p>\n\n\n\n<p>Datenschutzerkl\u00e4rung [Platzhalter]<\/p>\n","protected":false},"excerpt":{"rendered":"<p>S\u00e4mtliche auf dieser Website verwendeten Fotos unterliegen meiner Inhaber- und Urheberschaft und d\u00fcrfen nur mit ausdr\u00fccklicher Erlaubnis verwendet werden. Datenschutzerkl\u00e4rung [Platzhalter]<\/p>\n","protected":false},"author":1,"featured_media":0,"parent":0,"menu_order":0,"comment_status":"closed","ping_status":"closed","template":"","meta":{"_coblocks_attr":"","_coblocks_dimensions":"","_coblocks_responsive_height":"","_coblocks_accordion_ie_support":"","footnotes":""},"class_list":["post-184","page","type-page","status-publish","hentry"],"_links":{"self":[{"href":"https:\/\/mosaik-modern.de\/index.php?rest_route=\/wp\/v2\/pages\/184","targetHints":{"allow":["GET"]}}],"collection":[{"href":"https:\/\/mosaik-modern.de\/index.php?rest_route=\/wp\/v2\/pages"}],"about":[{"href":"https:\/\/mosaik-modern.de\/index.php?rest_route=\/wp\/v2\/types\/page"}],"author":[{"embeddable":true,"href":"https:\/\/mosaik-modern.de\/index.php?rest_route=\/wp\/v2\/users\/1"}],"replies":[{"embeddable":true,"href":"https:\/\/mosaik-modern.de\/index.php?rest_route=%2Fwp%2Fv2%2Fcomments&post=184"}],"version-history":[{"count":3,"href":"https:\/\/mosaik-modern.de\/index.php?rest_route=\/wp\/v2\/pages\/184\/revisions"}],"predecessor-version":[{"id":199,"href":"https:\/\/mosaik-modern.de\/index.php?rest_route=\/wp\/v2\/pages\/184\/revisions\/199"}],"wp:attachment":[{"href":"https:\/\/mosaik-modern.de\/index.php?rest_route=%2Fwp%2Fv2%2Fmedia&parent=184"}],"curies":[{"name":"wp","href":"https:\/\/api.w.org\/{rel}","templated":true}]}}