{"id":46,"date":"2021-09-05T17:04:38","date_gmt":"2021-09-05T17:04:38","guid":{"rendered":"https:\/\/mosaik-modern.de\/?page_id=46"},"modified":"2021-10-01T13:15:16","modified_gmt":"2021-10-01T13:15:16","slug":"ueber-mich","status":"publish","type":"page","link":"https:\/\/mosaik-modern.de\/?page_id=46","title":{"rendered":"\u00dcber mich"},"content":{"rendered":"\n<p style=\"font-size:16px\">Mein Name ist Sylvia Behrens und ich bin seit einigen Jahren in meiner Freizeit als Mosaik-K\u00fcnstlerin t\u00e4tig. Ich lebe und arbeite in Seevetal und m\u00f6chte Ihnen auf dieser Website eine Auswahl meiner Werke pr\u00e4sentieren.<\/p>\n\n\n\n<p style=\"font-size:16px\">Farben und Formen waren schon immer meine Leidenschaft, Glas mein Lieblingsmaterial. Hieraus entstand die Idee, die bereits seit Jahrhunderten angewandte Mosaiktechnik neu zu interpretieren: Abstrakt und modern.<\/p>\n\n\n\n<p style=\"font-size:16px\">Zu meinem Repertoire geh\u00f6ren unter anderem Bilder und Skulpturen. Die Werke sind \u00fcberwiegend aus hochwertigem Murano-Glas gefertigt.<\/p>\n\n\n\n<figure class=\"wp-block-image size-large is-style-rounded\"><img loading=\"lazy\" decoding=\"async\" width=\"1024\" height=\"699\" src=\"https:\/\/mosaik-modern.de\/wp-content\/uploads\/2021\/09\/129-1024x699.jpg\" alt=\"\" class=\"wp-image-518\" srcset=\"https:\/\/mosaik-modern.de\/wp-content\/uploads\/2021\/09\/129-1024x699.jpg 1024w, https:\/\/mosaik-modern.de\/wp-content\/uploads\/2021\/09\/129-300x205.jpg 300w, https:\/\/mosaik-modern.de\/wp-content\/uploads\/2021\/09\/129-768x524.jpg 768w, https:\/\/mosaik-modern.de\/wp-content\/uploads\/2021\/09\/129-1536x1048.jpg 1536w, https:\/\/mosaik-modern.de\/wp-content\/uploads\/2021\/09\/129-1200x819.jpg 1200w, https:\/\/mosaik-modern.de\/wp-content\/uploads\/2021\/09\/129.jpg 1600w\" sizes=\"auto, (max-width: 1024px) 100vw, 1024px\" \/><\/figure>\n\n\n\n<figure class=\"wp-block-image size-large is-style-rounded\"><img loading=\"lazy\" decoding=\"async\" width=\"1024\" height=\"683\" src=\"https:\/\/mosaik-modern.de\/wp-content\/uploads\/2021\/09\/131-1024x683.jpg\" alt=\"\" class=\"wp-image-519\" srcset=\"https:\/\/mosaik-modern.de\/wp-content\/uploads\/2021\/09\/131-1024x683.jpg 1024w, https:\/\/mosaik-modern.de\/wp-content\/uploads\/2021\/09\/131-300x200.jpg 300w, https:\/\/mosaik-modern.de\/wp-content\/uploads\/2021\/09\/131-768x512.jpg 768w, https:\/\/mosaik-modern.de\/wp-content\/uploads\/2021\/09\/131-1536x1024.jpg 1536w, https:\/\/mosaik-modern.de\/wp-content\/uploads\/2021\/09\/131-1200x800.jpg 1200w, https:\/\/mosaik-modern.de\/wp-content\/uploads\/2021\/09\/131.jpg 1600w\" sizes=\"auto, (max-width: 1024px) 100vw, 1024px\" \/><\/figure>\n","protected":false},"excerpt":{"rendered":"<p>Mein Name ist Sylvia Behrens und ich bin seit einigen Jahren in meiner Freizeit als Mosaik-K\u00fcnstlerin t\u00e4tig. Ich lebe und arbeite in Seevetal und m\u00f6chte Ihnen auf dieser Website eine Auswahl meiner Werke pr\u00e4sentieren. Farben und Formen waren schon immer meine Leidenschaft, Glas mein Lieblingsmaterial. Hieraus entstand die Idee, die&hellip;<\/p>\n<p class=\"more-link-wrapper\"><a class=\"more-link\" href=\"https:\/\/mosaik-modern.de\/?page_id=46\"><span class=\"fa fa-mail-forward read-more-icon\"><\/span><span class=\"screen-reader-text\">Read More<\/span><\/a><\/p>\n","protected":false},"author":1,"featured_media":0,"parent":0,"menu_order":0,"comment_status":"closed","ping_status":"closed","template":"","meta":{"_coblocks_attr":"","_coblocks_dimensions":"","_coblocks_responsive_height":"","_coblocks_accordion_ie_support":"","footnotes":""},"class_list":["post-46","page","type-page","status-publish","hentry"],"_links":{"self":[{"href":"https:\/\/mosaik-modern.de\/index.php?rest_route=\/wp\/v2\/pages\/46","targetHints":{"allow":["GET"]}}],"collection":[{"href":"https:\/\/mosaik-modern.de\/index.php?rest_route=\/wp\/v2\/pages"}],"about":[{"href":"https:\/\/mosaik-modern.de\/index.php?rest_route=\/wp\/v2\/types\/page"}],"author":[{"embeddable":true,"href":"https:\/\/mosaik-modern.de\/index.php?rest_route=\/wp\/v2\/users\/1"}],"replies":[{"embeddable":true,"href":"https:\/\/mosaik-modern.de\/index.php?rest_route=%2Fwp%2Fv2%2Fcomments&post=46"}],"version-history":[{"count":5,"href":"https:\/\/mosaik-modern.de\/index.php?rest_route=\/wp\/v2\/pages\/46\/revisions"}],"predecessor-version":[{"id":539,"href":"https:\/\/mosaik-modern.de\/index.php?rest_route=\/wp\/v2\/pages\/46\/revisions\/539"}],"wp:attachment":[{"href":"https:\/\/mosaik-modern.de\/index.php?rest_route=%2Fwp%2Fv2%2Fmedia&parent=46"}],"curies":[{"name":"wp","href":"https:\/\/api.w.org\/{rel}","templated":true}]}}